{"id":3746,"date":"2024-04-26T11:48:42","date_gmt":"2024-04-26T09:48:42","guid":{"rendered":"https:\/\/levanna.com\/privacy-policy\/"},"modified":"2024-05-17T11:03:02","modified_gmt":"2024-05-17T09:03:02","slug":"privacy-policy","status":"publish","type":"page","link":"https:\/\/levanna.com\/en\/privacy-policy\/","title":{"rendered":"Privacy policy"},"content":{"rendered":"\t\t<div data-elementor-type=\"wp-page\" data-elementor-id=\"3746\" class=\"elementor elementor-3746 elementor-3382\">\n\t\t\t\t\t\t<section class=\"elementor-section elementor-top-section elementor-element elementor-element-7f096f39 elementor-section-height-min-height cs-section-content-fullwidth cs-parallax-on-scroll cs_scroll_y_80 elementor-section-boxed elementor-section-height-default elementor-section-items-middle\" data-id=\"7f096f39\" data-element_type=\"section\" data-e-type=\"section\" data-settings=\"{&quot;background_background&quot;:&quot;classic&quot;}\" data-cs-parallax-y=\"80\">\n\t\t\t\t\t\t\t<div class=\"elementor-background-overlay\"><\/div>\n\t\t\t\t\t\t\t<div class=\"elementor-container elementor-column-gap-no\">\n\t\t\t\t\t<div class=\"elementor-column elementor-col-100 elementor-top-column elementor-element elementor-element-1fa46de6 dark-color\" data-id=\"1fa46de6\" data-element_type=\"column\" data-e-type=\"column\">\n\t\t\t<div class=\"elementor-widget-wrap\">\n\t\t\t\t\t\t\t<\/div>\n\t\t<\/div>\n\t\t\t\t\t<\/div>\n\t\t<\/section>\n\t\t\t\t<section class=\"elementor-section elementor-top-section elementor-element elementor-element-0bf0454 elementor-section-content-middle elementor-section-boxed elementor-section-height-default elementor-section-height-default\" data-id=\"0bf0454\" data-element_type=\"section\" data-e-type=\"section\" data-settings=\"{&quot;background_background&quot;:&quot;classic&quot;}\">\n\t\t\t\t\t\t<div class=\"elementor-container elementor-column-gap-no\">\n\t\t\t\t\t<div class=\"elementor-column elementor-col-100 elementor-top-column elementor-element elementor-element-cf4b1ab\" data-id=\"cf4b1ab\" data-element_type=\"column\" data-e-type=\"column\">\n\t\t\t<div class=\"elementor-widget-wrap elementor-element-populated\">\n\t\t\t\t\t\t<div class=\"elementor-element elementor-element-a2499e7 elementor-widget elementor-widget-cs_title\" data-id=\"a2499e7\" data-element_type=\"widget\" data-e-type=\"widget\" data-widget_type=\"cs_title.default\">\n\t\t\t\t<div class=\"elementor-widget-container\">\n\t\t\t\t\t\n        <div class=\"cs-title-wrap text-center\">\t            <h1 class=\"cs-title\">\n\t                Privacy policy\t            <\/h1>        <\/div>\t\t\t\t<\/div>\n\t\t\t\t<\/div>\n\t\t\t\t<div class=\"elementor-element elementor-element-8a80ba9 elementor-widget elementor-widget-text-editor\" data-id=\"8a80ba9\" data-element_type=\"widget\" data-e-type=\"widget\" data-widget_type=\"text-editor.default\">\n\t\t\t\t<div class=\"elementor-widget-container\">\n\t\t\t\t\t\t\t\t\t<h2>PRIVACY<\/h2>\n<p>The present section entitled \u201cPrivacy\u201d is intended to inform you about the way in which the personal information that you communicate to us, on our Site, in our hotels, or by any other means, is processed.<\/p>\n<p>Hotel Le Levanna is committed to handling the data you entrust to us in a transparent, confidential and secure way.<\/p>\n<p>In processing your personal data, Hotel Le Levanna recognizes the importance of ensuring the protection and security of your privacy and personal data, and has established this \u201cPrivacy\u201d section in compliance with the strictest criteria for the protection of personal data, as well as any applicable regulations, including Law No. 2018-493 of June 20, 2018 and the General Data Protection Regulation (hereinafter \u201cGDPR\u201d) that came into force on May 25, 2018.<\/p>\n<p>The way in which your personal data is processed and collected is applicable to all users of the Site and\/or customers of Hotel Le Levanna. We invite you to read it carefully. If you do not agree with the process put in place by Le Levanna Hotel, please do not communicate any personal information about yourself and stop using the Site. By proceeding with such a communication, you acknowledge that you have been informed of the processing of your personal data and accept it.   <\/p>\n<p>The present \u201cPrivacy\u201d section may be modified by Hotel Le Levanna at any time and without notice, in particular due to changes in regulations. The new section will apply from the date it is posted on the Site. By communicating personal information after these modifications have been made, you accept the new section.  <\/p>\n<p>Therefore, in accordance with the RGPD adopted by the European Parliament on April 14, 2016 and the amended Loi Informatique et Libert\u00e9s of January 6, 1978, Hotel Le Levanna informs you of the following:<\/p>\n<h2>IDENTITY OF THE DATA CONTROLLER<\/h2>\n<p>The company responsible for processing personal data is H\u00f4tel Le Levanna, a soci\u00e9t\u00e9 par actions simplifi\u00e9e (simplified joint stock company) with capital of 85,167.96 euros, registered in the Chambery Trade and Companies Register under number 313 383 945.<\/p>\n<h2>INFORMATION COLLECTED AND USE OF YOUR PERSONAL DATA BY HOTEL LE LEVANNA<\/h2>\n<p>We only collect information that is adequate, relevant and limited to what is necessary for the purposes for which it is processed (\u201cdata minimization\u201d).<\/p>\n<p>Your personal data may be collected on various occasions.<\/p>\n<h3>Visit our website<\/h3>\n<p>During your browsing on our Site, information may be stored in, or read from, your terminal. We use the Google Analytics audience analysis service. The information collected via Google Analytics (in particular IP address) is used to monitor the volume, type and configuration of traffic using our Site, in order to develop its design and layout. The information we collect also enables us to improve your customer experience by sending you personalized offers tailored to your needs.   <\/p>\n<h3>Contact us<\/h3>\n<p>To contact our teams, we collect the following data from the contact form:<\/p>\n<ul>\n<li>First and last name ;<\/li>\n<li>Company name;<\/li>\n<li>Phone number ;<\/li>\n<li>E-mail address ;<\/li>\n<\/ul>\n<h2>COOKIES<\/h2>\n<p>Hotel Le Levanna, as publisher of the Website, may install a cookie on the hard disk of your terminal (computer, tablet, mobile\u2026) when you visit our Website.<\/p>\n<p>Hotel Le Levanna uses cookies to enable you to share content on social networks, to provide you with advertising offers in line with your tastes and to find out which pages of the site are visited and how often.<\/p>\n<p>For this purpose we collect the following data:<\/p>\n<ul>\n<li>Navigation path taken by a visitor to our website ;<\/li>\n<li>Duration of visit to the Site or page ;<\/li>\n<li>The page from which the visitor leaves the Site;<\/li>\n<li>Country, region or city from which access was gained ;<\/li>\n<li>Device;<\/li>\n<li>Recurring or new visitor.<\/li>\n<\/ul>\n<h2>RECIPIENTS OF PERSONAL DATA<\/h2>\n<p>Your personal information will be used solely by Hotel Le Levanna and its authorized sales and marketing staff, within the limits of their respective responsibilities and in compliance with this section.<\/p>\n<p>Hotel Le Levanna does not market, rent or disclose your personal information to third parties other than companies belonging to its group, its service providers within the European Union, or an administrative or judicial authority that has ordered it to do so.<\/p>\n<h2>SECURITY OF YOUR PERSONAL DATA<\/h2>\n<p>By communicating your personal data, you agree to their collection, transfer and storage for the purposes mentioned in this section. Hotel Le Levanna uses all technical and organizational security measures to ensure the protection of your personal information, in compliance with regulations. <\/p>\n<p>However, despite all these precautions, no data transmission over the Internet is completely secure. Consequently, any communication of your data will be made at your own risk and L\u2019h\u00f4tel Le Levanna cannot be held responsible in the event of intrusion by third parties for whom your information was not intended. <\/p>\n<h2>USER RIGHTS<\/h2>\n<p>Pursuant to Law No. 2018-493 of June 20, 2018 on the protection of personal data and the RGPD, as a data subject, you have certain rights, which can be exercised by sending a message via the form: <a title=\"Contact\" href=\"https:\/\/levanna.com\/en\/contact\/\">contact page<\/a><\/p>\n<p>These rights are as follows:<\/p>\n<h3>1. Right of access and communication of your personal data<\/h3>\n<p>You have the right to obtain from Hotel Le Levanna confirmation as to whether or not your personal data is being processed and, if so, the right to access your personal data.<\/p>\n<p>On request, Hotel Le Levanna will provide you with a copy of your personal data free of charge. Additional copies may incur an administrative charge. <\/p>\n<h3>2. Right to port your personal data<\/h3>\n<p>You have the right to receive your personal data provided to Hotel Le Levanna in a structured, commonly used and machine-readable format, and the right to transfer this data to another data controller.<\/p>\n<h3>3. Right to rectify your personal data<\/h3>\n<p>You have the right to ask the hotel to correct your personal data if it is incorrect.<\/p>\n<p>In the event of data correction, Hotel Le Levanna undertakes to inform each recipient to whom the corrected data has been transmitted.<\/p>\n<h3>4. Right to delete your personal data &#8211; &#8220;right to be forgotten<\/h3>\n<p>You have the right to obtain from Le Levanna Hotel, the deletion of your personal data when one of the following reasons applies:<\/p>\n<ul>\n<li>Your personal data are no longer required for the purposes for which they were collected or processed;<\/li>\n<li>You withdraw the consent on which the processing of your personal data is based and there is no other legal basis for such processing;<\/li>\n<li>You object to the processing by virtue of the right to object and there is no legitimate interest justifying the processing;<\/li>\n<li>If your personal data is processed unlawfully ;<\/li>\n<\/ul>\n<p>Unless otherwise provided, Hotel Le Levanna is not obliged to delete your personal data insofar as processing is necessary to fulfil a legal obligation to which Hotel Le Levanna is subject or for the purpose of declaring, exercising or defending a right in the event of any dispute.<\/p>\n<p>In the event of the deletion of your personal data, Hotel Le Levanna will notify each recipient\/entity to whom the deleted data has been transmitted, unless such communication proves impossible or involves a disproportionate effort.<\/p>\n<h3>5. Right to object to the collection and processing of your personal data<\/h3>\n<p>This right can only be exercised in one of the following two situations:<\/p>\n<ul>\n<li>Where the exercise of this right is based on legitimate grounds; or<\/li>\n<li>When the purpose of exercising this right is to prevent the data collected from being used for prospecting purposes<\/li>\n<\/ul>\n<h2>RESPONSE TIMES<\/h2>\n<p>Any request relating to the communication, portability, rectification, deletion, opposition to the processing of your personal data, must be accompanied by a photocopy of a signed valid identity document and mention the address at which Hotel Le Levanna may contact the applicant.<\/p>\n<p>Hotel Le Levanna undertakes to respond to your request for access, rectification or opposition or any other request for additional information within a reasonable period not exceeding 1 month from receipt of your request.<\/p>\n<h2>PERSONAL DATA BREACHES<\/h2>\n<p>In the event of a breach of your personal data, Hotel Le Levanna undertakes to notify the CNIL under the conditions prescribed by the RGPD.<\/p>\n<p>If you consider that Hotel Le Levanna is not complying with its obligations with regard to your personal data, you may lodge a complaint or a request with the competent authority. In France, the competent authority is the CNIL, to which you can send an electronic request by clicking on the following link: https: <a href=\"https:\/\/www.cnil.fr\/fr\/plaintes\" target=\"_blank\" rel=\"noopener\">\/\/www.cnil.fr\/fr\/plaintes<\/a><\/p>\n\t\t\t\t\t\t\t\t<\/div>\n\t\t\t\t<\/div>\n\t\t\t\t\t<\/div>\n\t\t<\/div>\n\t\t\t\t\t<\/div>\n\t\t<\/section>\n\t\t\t\t<\/div>\n\t\t","protected":false},"excerpt":{"rendered":"<p>Privacy policy PRIVACY The present section entitled \u201cPrivacy\u201d is intended to inform you about the way in which the personal information that you communicate to us, on our Site, in our hotels, or by any other means, is processed. Hotel Le Levanna is committed to handling the data you entrust to us in a transparent, &#8230;<\/p>\n","protected":false},"author":1,"featured_media":0,"parent":0,"menu_order":0,"comment_status":"closed","ping_status":"closed","template":"template-wide-content.php","meta":{"cozystay_single_page_hide_site_header":"","cozystay_single_page_site_header_source":"","cozystay_single_page_custom_site_header":"0","cozystay_single_page_custom_sticky_site_header":"0","cozystay_single_page_hide_page_title":"","cozystay_single_page_header_section_size":"","cozystay_single_page_header_background_color":"","cozystay_single_page_header_background_position_x":"center","cozystay_single_page_header_background_position_y":"center","cozystay_single_page_header_background_size":"cover","cozystay_single_page_header_background_repeat":"off","cozystay_single_page_header_background_scroll":"on","cozystay_single_page_header_text_color":"","cozystay_single_page_header_show_breadcrumb":"","cozystay_single_page_site_footer_hide_main":"","cozystay_single_custom_site_footer_main_source":"","cozystay_single_custom_site_footer_main":"0","cozystay_single_page_site_footer_hide_above":"","cozystay_single_custom_site_footer_above_source":"","cozystay_single_custom_site_footer_above":"0","cozystay_single_page_site_footer_hide_instagram":"","cozystay_single_page_site_footer_hide_bottom":"","cozystay_single_custom_mobile_menu_source":"","cozystay_single_custom_mobile_menu":"0","cozystay_single_custom_mobile_menu_animation":"","cozystay_single_custom_mobile_menu_width":"","cozystay_single_custom_mobile_menu_custom_width":375,"footnotes":""},"class_list":["post-3746","page","type-page","status-publish","hentry"],"yoast_head":"<!-- This site is optimized with the Yoast SEO plugin v27.2 - https:\/\/yoast.com\/product\/yoast-seo-wordpress\/ -->\n<title>Privacy policy - H\u00f4tel Le Levanna<\/title>\n<meta name=\"description\" content=\"Find out more about our cookie policy and how we collect and protect your data on the Le Levanna hotel website.\" \/>\n<meta name=\"robots\" content=\"index, follow, max-snippet:-1, max-image-preview:large, max-video-preview:-1\" \/>\n<link rel=\"canonical\" href=\"https:\/\/levanna.com\/en\/privacy-policy\/\" \/>\n<meta property=\"og:locale\" content=\"en_US\" \/>\n<meta property=\"og:type\" content=\"article\" \/>\n<meta property=\"og:title\" content=\"Privacy policy - H\u00f4tel Le Levanna\" \/>\n<meta property=\"og:description\" content=\"Find out more about our cookie policy and how we collect and protect your data on the Le Levanna hotel website.\" \/>\n<meta property=\"og:url\" content=\"https:\/\/levanna.com\/en\/privacy-policy\/\" \/>\n<meta property=\"og:site_name\" content=\"H\u00f4tel Le Levanna\" \/>\n<meta property=\"article:publisher\" content=\"https:\/\/www.facebook.com\/levannatignes\/\" \/>\n<meta property=\"article:modified_time\" content=\"2024-05-17T09:03:02+00:00\" \/>\n<meta name=\"twitter:card\" content=\"summary_large_image\" \/>\n<meta name=\"twitter:label1\" content=\"Est. reading time\" \/>\n\t<meta name=\"twitter:data1\" content=\"7 minutes\" \/>\n<script type=\"application\/ld+json\" class=\"yoast-schema-graph\">{\"@context\":\"https:\/\/schema.org\",\"@graph\":[{\"@type\":\"WebPage\",\"@id\":\"https:\/\/levanna.com\/en\/privacy-policy\/\",\"url\":\"https:\/\/levanna.com\/en\/privacy-policy\/\",\"name\":\"Privacy policy - H\u00f4tel Le Levanna\",\"isPartOf\":{\"@id\":\"https:\/\/levanna.com\/en\/#website\"},\"datePublished\":\"2024-04-26T09:48:42+00:00\",\"dateModified\":\"2024-05-17T09:03:02+00:00\",\"description\":\"Find out more about our cookie policy and how we collect and protect your data on the Le Levanna hotel website.\",\"breadcrumb\":{\"@id\":\"https:\/\/levanna.com\/en\/privacy-policy\/#breadcrumb\"},\"inLanguage\":\"en-US\",\"potentialAction\":[{\"@type\":\"ReadAction\",\"target\":[\"https:\/\/levanna.com\/en\/privacy-policy\/\"]}]},{\"@type\":\"BreadcrumbList\",\"@id\":\"https:\/\/levanna.com\/en\/privacy-policy\/#breadcrumb\",\"itemListElement\":[{\"@type\":\"ListItem\",\"position\":1,\"name\":\"Accueil\",\"item\":\"https:\/\/levanna.com\/en\/hotel-le-levanna-hotel-in-tignes-at-the-foot-of-the-ski-slopes\/\"},{\"@type\":\"ListItem\",\"position\":2,\"name\":\"Privacy policy\"}]},{\"@type\":\"WebSite\",\"@id\":\"https:\/\/levanna.com\/en\/#website\",\"url\":\"https:\/\/levanna.com\/en\/\",\"name\":\"H\u00f4tel le Levanna \u00e0 Tignes\",\"description\":\"\",\"publisher\":{\"@id\":\"https:\/\/levanna.com\/en\/#organization\"},\"potentialAction\":[{\"@type\":\"SearchAction\",\"target\":{\"@type\":\"EntryPoint\",\"urlTemplate\":\"https:\/\/levanna.com\/en\/?s={search_term_string}\"},\"query-input\":{\"@type\":\"PropertyValueSpecification\",\"valueRequired\":true,\"valueName\":\"search_term_string\"}}],\"inLanguage\":\"en-US\"},{\"@type\":\"Organization\",\"@id\":\"https:\/\/levanna.com\/en\/#organization\",\"name\":\"H\u00f4tel Levanna\",\"url\":\"https:\/\/levanna.com\/en\/\",\"logo\":{\"@type\":\"ImageObject\",\"inLanguage\":\"en-US\",\"@id\":\"https:\/\/levanna.com\/en\/#\/schema\/logo\/image\/\",\"url\":\"https:\/\/levanna.com\/wp-content\/uploads\/2024\/05\/Fichier-1@2x.png\",\"contentUrl\":\"https:\/\/levanna.com\/wp-content\/uploads\/2024\/05\/Fichier-1@2x.png\",\"width\":401,\"height\":84,\"caption\":\"H\u00f4tel Levanna\"},\"image\":{\"@id\":\"https:\/\/levanna.com\/en\/#\/schema\/logo\/image\/\"},\"sameAs\":[\"https:\/\/www.facebook.com\/levannatignes\/\",\"https:\/\/www.instagram.com\/levannatignes\/\",\"https:\/\/www.linkedin.com\/company\/les-etincelles-collection\/\"]}]}<\/script>\n<!-- \/ Yoast SEO plugin. -->","yoast_head_json":{"title":"Privacy policy - H\u00f4tel Le Levanna","description":"Find out more about our cookie policy and how we collect and protect your data on the Le Levanna hotel website.","robots":{"index":"index","follow":"follow","max-snippet":"max-snippet:-1","max-image-preview":"max-image-preview:large","max-video-preview":"max-video-preview:-1"},"canonical":"https:\/\/levanna.com\/en\/privacy-policy\/","og_locale":"en_US","og_type":"article","og_title":"Privacy policy - H\u00f4tel Le Levanna","og_description":"Find out more about our cookie policy and how we collect and protect your data on the Le Levanna hotel website.","og_url":"https:\/\/levanna.com\/en\/privacy-policy\/","og_site_name":"H\u00f4tel Le Levanna","article_publisher":"https:\/\/www.facebook.com\/levannatignes\/","article_modified_time":"2024-05-17T09:03:02+00:00","twitter_card":"summary_large_image","twitter_misc":{"Est. reading time":"7 minutes"},"schema":{"@context":"https:\/\/schema.org","@graph":[{"@type":"WebPage","@id":"https:\/\/levanna.com\/en\/privacy-policy\/","url":"https:\/\/levanna.com\/en\/privacy-policy\/","name":"Privacy policy - H\u00f4tel Le Levanna","isPartOf":{"@id":"https:\/\/levanna.com\/en\/#website"},"datePublished":"2024-04-26T09:48:42+00:00","dateModified":"2024-05-17T09:03:02+00:00","description":"Find out more about our cookie policy and how we collect and protect your data on the Le Levanna hotel website.","breadcrumb":{"@id":"https:\/\/levanna.com\/en\/privacy-policy\/#breadcrumb"},"inLanguage":"en-US","potentialAction":[{"@type":"ReadAction","target":["https:\/\/levanna.com\/en\/privacy-policy\/"]}]},{"@type":"BreadcrumbList","@id":"https:\/\/levanna.com\/en\/privacy-policy\/#breadcrumb","itemListElement":[{"@type":"ListItem","position":1,"name":"Accueil","item":"https:\/\/levanna.com\/en\/hotel-le-levanna-hotel-in-tignes-at-the-foot-of-the-ski-slopes\/"},{"@type":"ListItem","position":2,"name":"Privacy policy"}]},{"@type":"WebSite","@id":"https:\/\/levanna.com\/en\/#website","url":"https:\/\/levanna.com\/en\/","name":"H\u00f4tel le Levanna \u00e0 Tignes","description":"","publisher":{"@id":"https:\/\/levanna.com\/en\/#organization"},"potentialAction":[{"@type":"SearchAction","target":{"@type":"EntryPoint","urlTemplate":"https:\/\/levanna.com\/en\/?s={search_term_string}"},"query-input":{"@type":"PropertyValueSpecification","valueRequired":true,"valueName":"search_term_string"}}],"inLanguage":"en-US"},{"@type":"Organization","@id":"https:\/\/levanna.com\/en\/#organization","name":"H\u00f4tel Levanna","url":"https:\/\/levanna.com\/en\/","logo":{"@type":"ImageObject","inLanguage":"en-US","@id":"https:\/\/levanna.com\/en\/#\/schema\/logo\/image\/","url":"https:\/\/levanna.com\/wp-content\/uploads\/2024\/05\/Fichier-1@2x.png","contentUrl":"https:\/\/levanna.com\/wp-content\/uploads\/2024\/05\/Fichier-1@2x.png","width":401,"height":84,"caption":"H\u00f4tel Levanna"},"image":{"@id":"https:\/\/levanna.com\/en\/#\/schema\/logo\/image\/"},"sameAs":["https:\/\/www.facebook.com\/levannatignes\/","https:\/\/www.instagram.com\/levannatignes\/","https:\/\/www.linkedin.com\/company\/les-etincelles-collection\/"]}]}},"_links":{"self":[{"href":"https:\/\/levanna.com\/en\/wp-json\/wp\/v2\/pages\/3746","targetHints":{"allow":["GET"]}}],"collection":[{"href":"https:\/\/levanna.com\/en\/wp-json\/wp\/v2\/pages"}],"about":[{"href":"https:\/\/levanna.com\/en\/wp-json\/wp\/v2\/types\/page"}],"author":[{"embeddable":true,"href":"https:\/\/levanna.com\/en\/wp-json\/wp\/v2\/users\/1"}],"replies":[{"embeddable":true,"href":"https:\/\/levanna.com\/en\/wp-json\/wp\/v2\/comments?post=3746"}],"version-history":[{"count":12,"href":"https:\/\/levanna.com\/en\/wp-json\/wp\/v2\/pages\/3746\/revisions"}],"predecessor-version":[{"id":4284,"href":"https:\/\/levanna.com\/en\/wp-json\/wp\/v2\/pages\/3746\/revisions\/4284"}],"wp:attachment":[{"href":"https:\/\/levanna.com\/en\/wp-json\/wp\/v2\/media?parent=3746"}],"curies":[{"name":"wp","href":"https:\/\/api.w.org\/{rel}","templated":true}]}}